{"id":43052,"date":"2020-11-26T20:57:09","date_gmt":"2020-11-26T19:57:09","guid":{"rendered":"http:\/\/sp2.sierpc.pl\/wordpress\/?page_id=43052"},"modified":"2021-01-23T21:17:10","modified_gmt":"2021-01-23T20:17:10","slug":"plan-lekcji-2","status":"publish","type":"page","link":"https:\/\/sp2.sierpc.pl\/wordpress\/plan-lekcji-2\/","title":{"rendered":"PLAN LEKCJI"},"content":{"rendered":"<p style=\"text-align: center;\"><a href=\"http:\/\/sp2.sierpc.pl\/wordpress\/plan-lekcji-2\/school-3592114_640\/\" rel=\"attachment wp-att-44140\"><img loading=\"lazy\" decoding=\"async\" class=\"alignnone size-medium wp-image-44140\" src=\"http:\/\/sp2.sierpc.pl\/wordpress\/wp-content\/uploads\/2021\/01\/school-3592114_640-300x199.jpg\" alt=\"\" width=\"300\" height=\"199\" srcset=\"https:\/\/sp2.sierpc.pl\/wordpress\/wp-content\/uploads\/2021\/01\/school-3592114_640-300x199.jpg 300w, https:\/\/sp2.sierpc.pl\/wordpress\/wp-content\/uploads\/2021\/01\/school-3592114_640.jpg 640w\" sizes=\"auto, (max-width: 300px) 100vw, 300px\" \/><\/a><\/p>\n<p>&nbsp;<\/p>\n<p><a href=\"http:\/\/sp2.sierpc.pl\/wordpress\/plan-lekcji-2\/tygodniowy-rozklad-zajec-sp2-klasy-0-3\/\" rel=\"attachment wp-att-43169\">Tygodniowy rozk\u0142ad zaj\u0119\u0107 SP2 klasy 0-3<\/a><\/p>\n<p><a href=\"http:\/\/sp2.sierpc.pl\/wordpress\/2020\/11\/26\/tygodniowy-rozklad-zajec-klas-4-8\/tygodniowy-rozklad-zajec-sp2-klasy-4-8\/\" rel=\"attachment wp-att-43056\">Tygodniowy rozk\u0142ad zaj\u0119\u0107 SP2 klasy 4-8<\/a><\/p>\n<p>&nbsp;<\/p>\n","protected":false},"excerpt":{"rendered":"<p>&nbsp; Tygodniowy rozk\u0142ad zaj\u0119\u0107 SP2 klasy 0-3 Tygodniowy rozk\u0142ad zaj\u0119\u0107 SP2 klasy 4-8 &nbsp;<\/p>\n","protected":false},"author":2,"featured_media":0,"parent":0,"menu_order":0,"comment_status":"closed","ping_status":"closed","template":"","meta":{"footnotes":""},"class_list":["post-43052","page","type-page","status-publish","hentry"],"yoast_head":"<!-- This site is optimized with the Yoast SEO plugin v22.7 - https:\/\/yoast.com\/wordpress\/plugins\/seo\/ -->\n<title>PLAN LEKCJI - SZKO\u0141A PODSTAWOWA NR 2 IM. ARMII KRAJOWEJ W SIERPCU<\/title>\n<meta name=\"robots\" content=\"index, follow, max-snippet:-1, max-image-preview:large, max-video-preview:-1\" \/>\n<link rel=\"canonical\" href=\"https:\/\/sp2.sierpc.pl\/wordpress\/plan-lekcji-2\/\" \/>\n<meta property=\"og:locale\" content=\"pl_PL\" \/>\n<meta property=\"og:type\" content=\"article\" \/>\n<meta property=\"og:title\" content=\"PLAN LEKCJI - SZKO\u0141A PODSTAWOWA NR 2 IM. ARMII KRAJOWEJ W SIERPCU\" \/>\n<meta property=\"og:description\" content=\"&nbsp; Tygodniowy rozk\u0142ad zaj\u0119\u0107 SP2 klasy 0-3 Tygodniowy rozk\u0142ad zaj\u0119\u0107 SP2 klasy 4-8 &nbsp;\" \/>\n<meta property=\"og:url\" content=\"https:\/\/sp2.sierpc.pl\/wordpress\/plan-lekcji-2\/\" \/>\n<meta property=\"og:site_name\" content=\"SZKO\u0141A PODSTAWOWA NR 2 IM. ARMII KRAJOWEJ W SIERPCU\" \/>\n<meta property=\"article:modified_time\" content=\"2021-01-23T20:17:10+00:00\" \/>\n<meta property=\"og:image\" content=\"http:\/\/sp2.sierpc.pl\/wordpress\/wp-content\/uploads\/2021\/01\/school-3592114_640-300x199.jpg\" \/>\n<meta name=\"twitter:card\" content=\"summary_large_image\" \/>\n<script type=\"application\/ld+json\" class=\"yoast-schema-graph\">{\"@context\":\"https:\/\/schema.org\",\"@graph\":[{\"@type\":\"WebPage\",\"@id\":\"https:\/\/sp2.sierpc.pl\/wordpress\/plan-lekcji-2\/\",\"url\":\"https:\/\/sp2.sierpc.pl\/wordpress\/plan-lekcji-2\/\",\"name\":\"PLAN LEKCJI - SZKO\u0141A PODSTAWOWA NR 2 IM. ARMII KRAJOWEJ W SIERPCU\",\"isPartOf\":{\"@id\":\"https:\/\/sp2.sierpc.pl\/wordpress\/#website\"},\"primaryImageOfPage\":{\"@id\":\"https:\/\/sp2.sierpc.pl\/wordpress\/plan-lekcji-2\/#primaryimage\"},\"image\":{\"@id\":\"https:\/\/sp2.sierpc.pl\/wordpress\/plan-lekcji-2\/#primaryimage\"},\"thumbnailUrl\":\"http:\/\/sp2.sierpc.pl\/wordpress\/wp-content\/uploads\/2021\/01\/school-3592114_640-300x199.jpg\",\"datePublished\":\"2020-11-26T19:57:09+00:00\",\"dateModified\":\"2021-01-23T20:17:10+00:00\",\"breadcrumb\":{\"@id\":\"https:\/\/sp2.sierpc.pl\/wordpress\/plan-lekcji-2\/#breadcrumb\"},\"inLanguage\":\"pl-PL\",\"potentialAction\":[{\"@type\":\"ReadAction\",\"target\":[\"https:\/\/sp2.sierpc.pl\/wordpress\/plan-lekcji-2\/\"]}]},{\"@type\":\"ImageObject\",\"inLanguage\":\"pl-PL\",\"@id\":\"https:\/\/sp2.sierpc.pl\/wordpress\/plan-lekcji-2\/#primaryimage\",\"url\":\"http:\/\/sp2.sierpc.pl\/wordpress\/wp-content\/uploads\/2021\/01\/school-3592114_640-300x199.jpg\",\"contentUrl\":\"http:\/\/sp2.sierpc.pl\/wordpress\/wp-content\/uploads\/2021\/01\/school-3592114_640-300x199.jpg\"},{\"@type\":\"BreadcrumbList\",\"@id\":\"https:\/\/sp2.sierpc.pl\/wordpress\/plan-lekcji-2\/#breadcrumb\",\"itemListElement\":[{\"@type\":\"ListItem\",\"position\":1,\"name\":\"\",\"item\":\"https:\/\/sp2.sierpc.pl\/wordpress\/\"},{\"@type\":\"ListItem\",\"position\":2,\"name\":\"PLAN LEKCJI\"}]},{\"@type\":\"WebSite\",\"@id\":\"https:\/\/sp2.sierpc.pl\/wordpress\/#website\",\"url\":\"https:\/\/sp2.sierpc.pl\/wordpress\/\",\"name\":\"SZKO\u0141A PODSTAWOWA NR 2 IM. ARMII KRAJOWEJ W SIERPCU\",\"description\":\"\",\"potentialAction\":[{\"@type\":\"SearchAction\",\"target\":{\"@type\":\"EntryPoint\",\"urlTemplate\":\"https:\/\/sp2.sierpc.pl\/wordpress\/?s={search_term_string}\"},\"query-input\":\"required name=search_term_string\"}],\"inLanguage\":\"pl-PL\"}]}<\/script>\n<!-- \/ Yoast SEO plugin. -->","yoast_head_json":{"title":"PLAN LEKCJI - SZKO\u0141A PODSTAWOWA NR 2 IM. ARMII KRAJOWEJ W SIERPCU","robots":{"index":"index","follow":"follow","max-snippet":"max-snippet:-1","max-image-preview":"max-image-preview:large","max-video-preview":"max-video-preview:-1"},"canonical":"https:\/\/sp2.sierpc.pl\/wordpress\/plan-lekcji-2\/","og_locale":"pl_PL","og_type":"article","og_title":"PLAN LEKCJI - SZKO\u0141A PODSTAWOWA NR 2 IM. ARMII KRAJOWEJ W SIERPCU","og_description":"&nbsp; Tygodniowy rozk\u0142ad zaj\u0119\u0107 SP2 klasy 0-3 Tygodniowy rozk\u0142ad zaj\u0119\u0107 SP2 klasy 4-8 &nbsp;","og_url":"https:\/\/sp2.sierpc.pl\/wordpress\/plan-lekcji-2\/","og_site_name":"SZKO\u0141A PODSTAWOWA NR 2 IM. ARMII KRAJOWEJ W SIERPCU","article_modified_time":"2021-01-23T20:17:10+00:00","og_image":[{"url":"http:\/\/sp2.sierpc.pl\/wordpress\/wp-content\/uploads\/2021\/01\/school-3592114_640-300x199.jpg"}],"twitter_card":"summary_large_image","schema":{"@context":"https:\/\/schema.org","@graph":[{"@type":"WebPage","@id":"https:\/\/sp2.sierpc.pl\/wordpress\/plan-lekcji-2\/","url":"https:\/\/sp2.sierpc.pl\/wordpress\/plan-lekcji-2\/","name":"PLAN LEKCJI - SZKO\u0141A PODSTAWOWA NR 2 IM. ARMII KRAJOWEJ W SIERPCU","isPartOf":{"@id":"https:\/\/sp2.sierpc.pl\/wordpress\/#website"},"primaryImageOfPage":{"@id":"https:\/\/sp2.sierpc.pl\/wordpress\/plan-lekcji-2\/#primaryimage"},"image":{"@id":"https:\/\/sp2.sierpc.pl\/wordpress\/plan-lekcji-2\/#primaryimage"},"thumbnailUrl":"http:\/\/sp2.sierpc.pl\/wordpress\/wp-content\/uploads\/2021\/01\/school-3592114_640-300x199.jpg","datePublished":"2020-11-26T19:57:09+00:00","dateModified":"2021-01-23T20:17:10+00:00","breadcrumb":{"@id":"https:\/\/sp2.sierpc.pl\/wordpress\/plan-lekcji-2\/#breadcrumb"},"inLanguage":"pl-PL","potentialAction":[{"@type":"ReadAction","target":["https:\/\/sp2.sierpc.pl\/wordpress\/plan-lekcji-2\/"]}]},{"@type":"ImageObject","inLanguage":"pl-PL","@id":"https:\/\/sp2.sierpc.pl\/wordpress\/plan-lekcji-2\/#primaryimage","url":"http:\/\/sp2.sierpc.pl\/wordpress\/wp-content\/uploads\/2021\/01\/school-3592114_640-300x199.jpg","contentUrl":"http:\/\/sp2.sierpc.pl\/wordpress\/wp-content\/uploads\/2021\/01\/school-3592114_640-300x199.jpg"},{"@type":"BreadcrumbList","@id":"https:\/\/sp2.sierpc.pl\/wordpress\/plan-lekcji-2\/#breadcrumb","itemListElement":[{"@type":"ListItem","position":1,"name":"","item":"https:\/\/sp2.sierpc.pl\/wordpress\/"},{"@type":"ListItem","position":2,"name":"PLAN LEKCJI"}]},{"@type":"WebSite","@id":"https:\/\/sp2.sierpc.pl\/wordpress\/#website","url":"https:\/\/sp2.sierpc.pl\/wordpress\/","name":"SZKO\u0141A PODSTAWOWA NR 2 IM. ARMII KRAJOWEJ W SIERPCU","description":"","potentialAction":[{"@type":"SearchAction","target":{"@type":"EntryPoint","urlTemplate":"https:\/\/sp2.sierpc.pl\/wordpress\/?s={search_term_string}"},"query-input":"required name=search_term_string"}],"inLanguage":"pl-PL"}]}},"_links":{"self":[{"href":"https:\/\/sp2.sierpc.pl\/wordpress\/wp-json\/wp\/v2\/pages\/43052","targetHints":{"allow":["GET"]}}],"collection":[{"href":"https:\/\/sp2.sierpc.pl\/wordpress\/wp-json\/wp\/v2\/pages"}],"about":[{"href":"https:\/\/sp2.sierpc.pl\/wordpress\/wp-json\/wp\/v2\/types\/page"}],"author":[{"embeddable":true,"href":"https:\/\/sp2.sierpc.pl\/wordpress\/wp-json\/wp\/v2\/users\/2"}],"replies":[{"embeddable":true,"href":"https:\/\/sp2.sierpc.pl\/wordpress\/wp-json\/wp\/v2\/comments?post=43052"}],"version-history":[{"count":6,"href":"https:\/\/sp2.sierpc.pl\/wordpress\/wp-json\/wp\/v2\/pages\/43052\/revisions"}],"predecessor-version":[{"id":44141,"href":"https:\/\/sp2.sierpc.pl\/wordpress\/wp-json\/wp\/v2\/pages\/43052\/revisions\/44141"}],"wp:attachment":[{"href":"https:\/\/sp2.sierpc.pl\/wordpress\/wp-json\/wp\/v2\/media?parent=43052"}],"curies":[{"name":"wp","href":"https:\/\/api.w.org\/{rel}","templated":true}]}}